{"id":11,"date":"2020-09-26T16:47:29","date_gmt":"2020-09-26T14:47:29","guid":{"rendered":"http:\/\/www.aufildelalys.fr\/index.php\/home\/"},"modified":"2020-10-24T11:08:57","modified_gmt":"2020-10-24T09:08:57","slug":"home","status":"publish","type":"page","link":"https:\/\/www.aufildelalys.fr\/","title":{"rendered":"Accueil"},"content":{"rendered":"\n<p><\/p>\n\n\n\n<ul><li>Ce site a pour vocation \u00e0 <strong>partager<\/strong> \u00ab\u00a0nos\u00a0\u00bb souvenirs, donner \u00e0 la consultation les 45 ann\u00e9es de recherches sur la vie et les familles le long de la Lys, donc leur g\u00e9n\u00e9alogie, leur mode de vie. <\/li><li>\u00c9voquer plus pr\u00e9cis\u00e9ment ceux qui sortent du lot pour divers raisons, bonnes ou mauvaises ou tout simplement banales. <\/li><li>Illustrer aussi les propos par des photos. <\/li><li>Regarder l&rsquo;\u00e9volution du territoire, l&rsquo;histoire locale qui d\u00e9pend bien sur de l&rsquo;histoire r\u00e9gionale, nationale et m\u00eame internationale. <\/li><li>Aborder cette histoire de mani\u00e8re diff\u00e9rente, par le petit bout de la lorgnette, le v\u00e9cu sur le terrain des \u00e9v\u00e9nements qui sont venus influencer la vie de nos anc\u00eatres. <\/li><li>Tout un programme ! Partageons ce pass\u00e9, remontons des dates, des noms, des photos&#8230;<\/li><li>Notre adresse: <strong>contact.aufildelalys@gmail.com<\/strong><\/li><\/ul>\n\n\n\n<p><\/p>\n\n\n\n<p><br><\/p>\n\n\n\n<p><\/p>\n\n\n\n<p><br><\/p>\n\n\n\n<p><br><\/p>\n\n\n\n<p><br><\/p>\n","protected":false},"excerpt":{"rendered":"<p>Ce site a pour vocation \u00e0 partager \u00ab\u00a0nos\u00a0\u00bb souvenirs, donner \u00e0 la consultation les 45 ann\u00e9es de recherches sur la vie et les familles le long de la Lys, donc leur g\u00e9n\u00e9alogie, leur mode de vie. \u00c9voquer plus pr\u00e9cis\u00e9ment ceux qui sortent du lot pour divers raisons, bonnes ou mauvaises ou tout simplement banales. Illustrer &hellip; <\/p>\n<p><a class=\"more-link btn\" href=\"https:\/\/www.aufildelalys.fr\/\">Lire la suite<\/a><\/p>\n","protected":false},"author":3,"featured_media":64,"parent":0,"menu_order":0,"comment_status":"closed","ping_status":"closed","template":"","meta":[],"_links":{"self":[{"href":"https:\/\/www.aufildelalys.fr\/index.php\/wp-json\/wp\/v2\/pages\/11"}],"collection":[{"href":"https:\/\/www.aufildelalys.fr\/index.php\/wp-json\/wp\/v2\/pages"}],"about":[{"href":"https:\/\/www.aufildelalys.fr\/index.php\/wp-json\/wp\/v2\/types\/page"}],"author":[{"embeddable":true,"href":"https:\/\/www.aufildelalys.fr\/index.php\/wp-json\/wp\/v2\/users\/3"}],"replies":[{"embeddable":true,"href":"https:\/\/www.aufildelalys.fr\/index.php\/wp-json\/wp\/v2\/comments?post=11"}],"version-history":[{"count":6,"href":"https:\/\/www.aufildelalys.fr\/index.php\/wp-json\/wp\/v2\/pages\/11\/revisions"}],"predecessor-version":[{"id":1025,"href":"https:\/\/www.aufildelalys.fr\/index.php\/wp-json\/wp\/v2\/pages\/11\/revisions\/1025"}],"wp:featuredmedia":[{"embeddable":true,"href":"https:\/\/www.aufildelalys.fr\/index.php\/wp-json\/wp\/v2\/media\/64"}],"wp:attachment":[{"href":"https:\/\/www.aufildelalys.fr\/index.php\/wp-json\/wp\/v2\/media?parent=11"}],"curies":[{"name":"wp","href":"https:\/\/api.w.org\/{rel}","templated":true}]}}